{"id":1486,"date":"2026-04-09T19:27:45","date_gmt":"2026-04-09T19:27:45","guid":{"rendered":"https:\/\/entrenacalculo.com\/?page_id=1486"},"modified":"2026-04-09T20:00:37","modified_gmt":"2026-04-09T20:00:37","slug":"profesor-creador","status":"publish","type":"page","link":"https:\/\/entrenacalculo.com\/en\/profesor-creador\/","title":{"rendered":"Profesor creador"},"content":{"rendered":"<div data-elementor-type=\"wp-page\" data-elementor-id=\"1486\" class=\"elementor elementor-1486\">\n\t\t\t\t<div class=\"elementor-element elementor-element-e9caef5 e-grid e-con-boxed e-con e-parent\" data-id=\"e9caef5\" data-element_type=\"container\" data-e-type=\"container\">\n\t\t\t\t\t<div class=\"e-con-inner\">\n\t\t\t\t<div class=\"elementor-element elementor-element-d2c8300 elementor-widget elementor-widget-image\" data-id=\"d2c8300\" data-element_type=\"widget\" data-e-type=\"widget\" data-widget_type=\"image.default\">\n\t\t\t\t\t\t\t\t\t\t\t\t\t\t\t<img fetchpriority=\"high\" decoding=\"async\" width=\"868\" height=\"1024\" src=\"https:\/\/entrenacalculo.com\/wp-content\/uploads\/2026\/04\/Lic.-Lazaro-Lalana-Velazquez-868x1024.jpg\" class=\"attachment-large size-large wp-image-1488\" alt=\"\" srcset=\"https:\/\/entrenacalculo.com\/wp-content\/uploads\/2026\/04\/Lic.-Lazaro-Lalana-Velazquez-868x1024.jpg 868w, https:\/\/entrenacalculo.com\/wp-content\/uploads\/2026\/04\/Lic.-Lazaro-Lalana-Velazquez-254x300.jpg 254w, https:\/\/entrenacalculo.com\/wp-content\/uploads\/2026\/04\/Lic.-Lazaro-Lalana-Velazquez-768x906.jpg 768w, https:\/\/entrenacalculo.com\/wp-content\/uploads\/2026\/04\/Lic.-Lazaro-Lalana-Velazquez-10x12.jpg 10w, https:\/\/entrenacalculo.com\/wp-content\/uploads\/2026\/04\/Lic.-Lazaro-Lalana-Velazquez.jpg 1088w\" sizes=\"(max-width: 868px) 100vw, 868px\" \/>\t\t\t\t\t\t\t\t\t\t\t\t\t\t\t<\/div>\n\t\t\t\t<div class=\"elementor-element elementor-element-dd8283e elementor-widget elementor-widget-text-editor\" data-id=\"dd8283e\" data-element_type=\"widget\" data-e-type=\"widget\" data-widget_type=\"text-editor.default\">\n\t\t\t\t\t\t\t\t\t<p><strong>\u00a1Bienvenidos a entrenacalculo.com! Soy el <em>Lic. L\u00e1zaro Lalana Vel\u00e1zquez<\/em>, el profesor creador de este medio de ense\u00f1anza.<\/strong><\/p><p>Como licenciado en Educaci\u00f3n con especialidad en Matem\u00e1ticas y con una amplia experiencia en direcci\u00f3n educativa y ense\u00f1anza art\u00edstica en Cuba, he dedicado mi vida a la pasi\u00f3n por ense\u00f1ar y aprender. Mi trayectoria incluye la construcci\u00f3n y direcci\u00f3n de varias escuelas, donde siempre he buscado crear espacios m\u00e1gicos para el aprendizaje y la creatividad.<\/p><p>Esta plataforma es el resultado de mi experiencia y del deseo de combinar mis conocimientos pedag\u00f3gicos con mis habilidades en el desarrollo web internacional. Mi objetivo es ofrecer una <span style=\"text-decoration: underline;\">herramienta interactiva y efectiva<\/span> para que personas de todas las edades mejoren su c\u00e1lculo mental de manera divertida y personalizada. Entrenacalculo.com es m\u00e1s que un simple sitio de ejercicios; es una comunidad para entrenar nuestra mente y alcanzar nuestro m\u00e1ximo potencial. El c\u00e1lculo b\u00e1sico es la base de las matem\u00e1ticas, y mi sue\u00f1o es que esta plataforma sea un lugar de crecimiento y una <strong>fuente de autoconfianza para todos los que la aprovechen<\/strong>.<\/p><p>\u00a1Te invito a explorar nuestras herramientas y a unirte a esta comunidad de aprendizaje!<\/p>\t\t\t\t\t\t\t\t<\/div>\n\t\t\t\t\t<\/div>\n\t\t\t\t<\/div>\n\t\t<div class=\"elementor-element elementor-element-4dc2818 e-flex e-con-boxed e-con e-parent\" data-id=\"4dc2818\" data-element_type=\"container\" data-e-type=\"container\">\n\t\t\t\t\t<div class=\"e-con-inner\">\n\t\t\t\t<div class=\"elementor-element elementor-element-fdefd77 elementor-widget elementor-widget-text-editor\" data-id=\"fdefd77\" data-element_type=\"widget\" data-e-type=\"widget\" data-widget_type=\"text-editor.default\">\n\t\t\t\t\t\t\t\t\t<h3 data-path-to-node=\"4\">\u00bfPara qu\u00e9 ha sido dise\u00f1ada esta plataforma?<\/h3><p data-path-to-node=\"5\"><b data-path-to-node=\"5\" data-index-in-node=\"0\">Entrenacalculo.com<\/b> nace como una herramienta especializada en el entrenamiento de <b data-path-to-node=\"5\" data-index-in-node=\"82\">c\u00e1lculo mental b\u00e1sico<\/b>. Su prop\u00f3sito es doble:<\/p><ul data-path-to-node=\"6\"><li><p data-path-to-node=\"6,0,0\"><b data-path-to-node=\"6,0,0\" data-index-in-node=\"0\">Para los ni\u00f1os:<\/b> Desarrollar habilidades matem\u00e1ticas fundamentales de manera l\u00fadica, efectiva y motivadora.<\/p><\/li><li><p data-path-to-node=\"6,1,0\"><b data-path-to-node=\"6,1,0\" data-index-in-node=\"0\">Para padres y profesores:<\/b> Proporcionar una plataforma interactiva que sirva de apoyo en el proceso de ense\u00f1anza, permitiendo un seguimiento real del progreso.<\/p><\/li><\/ul><h3 data-path-to-node=\"7\">\u00bfQu\u00e9 recursos ofrece la aplicaci\u00f3n?<\/h3><p data-path-to-node=\"8\">Ofrecemos un entorno din\u00e1mico con niveles graduales que abarcan sumas, restas, multiplicaciones y divisiones. Lo que hace especial a este sistema es su <b data-path-to-node=\"8\" data-index-in-node=\"152\">diagn\u00f3stico por elementos del conocimiento<\/b>:<\/p><ul data-path-to-node=\"9\"><li><p data-path-to-node=\"9,0,0\"><b data-path-to-node=\"9,0,0\" data-index-in-node=\"0\">Rondas de aprendizaje:<\/b> Las preguntas se generan en bloques de 9. Al finalizar cada ronda, el ni\u00f1o recibe <b data-path-to-node=\"9,0,0\" data-index-in-node=\"105\">retroalimentaci\u00f3n instant\u00e1nea<\/b>: los aciertos se marcan en verde y los fallos en rojo, mostrando siempre el c\u00e1lculo correcto.<\/p><\/li><li><p data-path-to-node=\"9,1,0\"><b data-path-to-node=\"9,1,0\" data-index-in-node=\"0\">Entrenamiento guiado:<\/b> Esta respuesta inmediata act\u00faa como si un profesor estuviera sentado junto al alumno, corrigiendo al momento para evitar que el error se fije en la memoria.<\/p><\/li><li><p data-path-to-node=\"9,2,0\"><b data-path-to-node=\"9,2,0\" data-index-in-node=\"0\">Barra de progreso:<\/b> Una barra visual se actualiza en tiempo real, motivando al ni\u00f1o a completar el desaf\u00edo y alcanzar la maestr\u00eda del nivel.<\/p><\/li><\/ul><h3 data-path-to-node=\"10\">\u00bfC\u00f3mo ayuda esto a la ense\u00f1anza personalizada?<\/h3><p data-path-to-node=\"11\">Como profesor, comprob\u00e9 con mis alumnos que el \u00e9xito reside en <b data-path-to-node=\"11\" data-index-in-node=\"63\">reforzar las \u00e1reas de mejora detectadas en el diagn\u00f3stico<\/b>.<\/p><ul data-path-to-node=\"12\"><li><p data-path-to-node=\"12,0,0\"><b data-path-to-node=\"12,0,0\" data-index-in-node=\"0\">Reportes detallados:<\/b> El tutor puede descargar un <b data-path-to-node=\"12,0,0\" data-index-in-node=\"49\">PDF con los errores cometidos<\/b> y una gr\u00e1fica de frecuencia.<\/p><\/li><li><p data-path-to-node=\"12,1,0\"><b data-path-to-node=\"12,1,0\" data-index-in-node=\"0\">Estrategia pedag\u00f3gica:<\/b> Con estos datos, el padre o profesor no \u00abadivina\u00bb qu\u00e9 falta, sino que ocupa el diagn\u00f3stico para fortalecer exactamente el elemento del conocimiento que el ni\u00f1o necesita reforzar, optimizando el tiempo de estudio.<\/p><\/li><\/ul><h3 data-path-to-node=\"13\">\u00bfC\u00f3mo funciona el reto de autosuperaci\u00f3n?<\/h3><p data-path-to-node=\"14\">El sistema fomenta la precisi\u00f3n absoluta para garantizar el aprendizaje:<\/p><ul data-path-to-node=\"15\"><li><p data-path-to-node=\"15,0,0\"><b data-path-to-node=\"15,0,0\" data-index-in-node=\"0\">El Reto de los 27:<\/b> Para ganar, se deben lograr <b data-path-to-node=\"15,0,0\" data-index-in-node=\"47\">consecutive correct answers<\/b>. Si hay un fallo, la barra de progreso nos invita a intentarlo de nuevo, reforzando la resiliencia.<\/p><\/li><li><p data-path-to-node=\"15,1,0\"><b data-path-to-node=\"15,1,0\" data-index-in-node=\"0\">Puntaje y Tiempo:<\/b> Al finalizar, la plataforma brinda un puntaje y el tiempo empleado. Esto impulsa la <b data-path-to-node=\"15,1,0\" data-index-in-node=\"102\">sana competencia<\/b> y el deseo de superarse a uno mismo en cada intento.<\/p><\/li><\/ul><h3 data-path-to-node=\"16\">\u00bfCu\u00e1l es el beneficio final?<\/h3><p data-path-to-node=\"17\">Al aumentar la velocidad y precisi\u00f3n en los c\u00e1lculos b\u00e1sicos, el ni\u00f1o desarrolla una <b data-path-to-node=\"17\" data-index-in-node=\"85\">seguridad y confianza<\/b> que trasciende las matem\u00e1ticas; es una herramienta de empoderamiento para su vida diaria.<\/p>\t\t\t\t\t\t\t\t<\/div>\n\t\t\t\t\t<\/div>\n\t\t\t\t<\/div>\n\t\t\t\t<\/div>","protected":false},"excerpt":{"rendered":"<p>\u00a1Bienvenidos a entrenacalculo.com! Soy el Lic. L\u00e1zaro Lalana Vel\u00e1zquez, el profesor creador de este medio de ense\u00f1anza. Como licenciado en Educaci\u00f3n con especialidad en Matem\u00e1ticas y con una amplia experiencia en direcci\u00f3n educativa y ense\u00f1anza art\u00edstica en Cuba, he dedicado mi vida a la pasi\u00f3n por ense\u00f1ar y aprender. Mi trayectoria incluye la construcci\u00f3n y [&hellip;]<\/p>\n","protected":false},"author":1,"featured_media":0,"parent":0,"menu_order":0,"comment_status":"closed","ping_status":"closed","template":"","meta":{"footnotes":""},"class_list":["post-1486","page","type-page","status-publish","hentry"],"blocksy_meta":[],"_hostinger_reach_plugin_has_subscription_block":false,"_hostinger_reach_plugin_is_elementor":false,"_links":{"self":[{"href":"https:\/\/entrenacalculo.com\/en\/wp-json\/wp\/v2\/pages\/1486","targetHints":{"allow":["GET"]}}],"collection":[{"href":"https:\/\/entrenacalculo.com\/en\/wp-json\/wp\/v2\/pages"}],"about":[{"href":"https:\/\/entrenacalculo.com\/en\/wp-json\/wp\/v2\/types\/page"}],"author":[{"embeddable":true,"href":"https:\/\/entrenacalculo.com\/en\/wp-json\/wp\/v2\/users\/1"}],"replies":[{"embeddable":true,"href":"https:\/\/entrenacalculo.com\/en\/wp-json\/wp\/v2\/comments?post=1486"}],"version-history":[{"count":7,"href":"https:\/\/entrenacalculo.com\/en\/wp-json\/wp\/v2\/pages\/1486\/revisions"}],"predecessor-version":[{"id":1495,"href":"https:\/\/entrenacalculo.com\/en\/wp-json\/wp\/v2\/pages\/1486\/revisions\/1495"}],"wp:attachment":[{"href":"https:\/\/entrenacalculo.com\/en\/wp-json\/wp\/v2\/media?parent=1486"}],"curies":[{"name":"wp","href":"https:\/\/api.w.org\/{rel}","templated":true}]}}